{"id":138,"date":"2022-10-02T10:28:59","date_gmt":"2022-10-02T08:28:59","guid":{"rendered":"http:\/\/dentaloffice.cz.awn12.vas-server.cz\/?page_id=138"},"modified":"2026-04-01T09:33:29","modified_gmt":"2026-04-01T07:33:29","slug":"cenik","status":"publish","type":"page","link":"https:\/\/dental-office.cz\/en\/cenik\/","title":{"rendered":"Price list"},"content":{"rendered":"<div class=\"flex\">\n<div class=\"col\">\n<p><img loading=\"lazy\" decoding=\"async\" class=\"alignnone size-full wp-image-148\" src=\"http:\/\/dentaloffice.cz.awn12.vas-server.cz\/wp-content\/uploads\/2022\/10\/ic_single_01.png\" alt=\"\" width=\"80\" height=\"80\" \/><\/p>\n<h3>Z\u00e1kladn\u00ed cen\u00edk I.<\/h3>\n<ul>\n<li class=\"green\">Vstupn\u00ed preventivn\u00ed prohl\u00eddka<br \/>\n<strong>Zdravotn\u00ed poji\u0161\u0165ovna<\/strong><\/li>\n<li class=\"green\">Panoramatick\u00fd sn\u00edmek<br \/>\n<strong>Zdravotn\u00ed poji\u0161\u0165ovna<\/strong><\/li>\n<\/ul>\n<h3><img loading=\"lazy\" decoding=\"async\" class=\"alignnone size-full wp-image-148\" src=\"http:\/\/dentaloffice.cz.awn12.vas-server.cz\/wp-content\/uploads\/2022\/10\/ic_single_01.png\" alt=\"\" width=\"80\" height=\"80\" \/><\/h3>\n<h3>Teeth whitening<\/h3>\n<ul>\n<li>B\u011blen\u00ed zub\u016f &#8211; dom\u00e1c\u00ed<br \/>\n<strong>3 990 K\u010d<\/strong><\/li>\n<li>B\u011blen\u00ed zub\u016f &#8211; ordina\u010dn\u00ed<br \/>\n<strong>4 990 K\u010d<\/strong><\/li>\n<li>Fast b\u011blen\u00ed BlancOne p\u0159i dent\u00e1ln\u00ed hygien\u011b<br \/>\n<strong>1 490 K\u010d<\/strong><\/li>\n<li>Intenzivn\u00ed b\u011blen\u00ed blanc one 30 minut<br \/>\n<strong>4 290 K\u010d<\/strong><\/li>\n<\/ul>\n<p><img loading=\"lazy\" decoding=\"async\" class=\"alignnone size-full wp-image-91\" src=\"https:\/\/dental-office.cz\/wp-content\/uploads\/2022\/09\/icon_serv_01.png\" alt=\"\" width=\"80\" height=\"80\" \/><\/p>\n<h3>Fyzioterapie<\/h3>\n<ul>\n<li>\n<div>prvn\u00ed konzultace a terapie TMK = fyzioterapie:<br \/>\n<strong>1 900 K\u010d<\/strong><\/div>\n<\/li>\n<li>pravideln\u00e1 terapie TMK = fyzioterapie:<br \/>\n<strong>1 700 K\u010d<\/strong><\/li>\n<\/ul>\n<\/div>\n<div class=\"col\">\n<p><img loading=\"lazy\" decoding=\"async\" class=\"alignnone size-full wp-image-168\" src=\"http:\/\/dentaloffice.cz.awn12.vas-server.cz\/wp-content\/uploads\/2022\/10\/ic_single_02.png\" alt=\"\" width=\"80\" height=\"80\" \/><\/p>\n<h3>Z\u00e1kladn\u00ed cen\u00edk II.<\/h3>\n<ul>\n<li class=\"green\">Mikroskopick\u00e9 o\u0161et\u0159en\u00ed ko\u0159enov\u00fdch kan\u00e1lk\u016f<br \/>\n<strong>10 900 K\u010d &#8211; 14 900 K\u010d (1-4 kan\u00e1lky)<\/strong><\/li>\n<li>Komplexn\u00ed dent\u00e1ln\u00ed hygiena<br \/>\n<strong>2 200 K\u010d<\/strong><\/li>\n<li>Pravideln\u00e1 dent\u00e1ln\u00ed hygiena<br \/>\n* intervaly a dobu \u00a0o\u0161et\u0159en\u00ed stanov\u00ed \u00a0l\u00e9ka\u0159 \/ dent\u00e1ln\u00ed hygienistka dle stavu chrupu a parodontu<br \/>\n<strong>1 890 &#8211; 1 990 K\u010d<\/strong><\/li>\n<li>Deep scaling<br \/>\n<strong>4 500 K\u010d<\/strong><\/li>\n<li>Dent\u00e1ln\u00ed \u00a0hygiena u d\u011bt\u00ed se sm\u00ed\u0161en\u00fdm chrupem<br \/>\n<strong>990 K\u010d<\/strong><\/li>\n<li>Dent\u00e1ln\u00ed hygiena u d\u011bt\u00ed se st\u00e1l\u00fdm chrupem<br \/>\n<strong>1 490 K\u010d<\/strong><\/li>\n<li>Dent\u00e1ln\u00ed hygiena u d\u011bt\u00ed s\u00a0fixn\u00edmi rovn\u00e1tky<br \/>\n<strong>1 590 K\u010d<\/strong><\/li>\n<li>Implant\u00e1t Camlog a Straumann<br \/>\n<strong>22 000 K\u010d<\/strong><\/li>\n<li>Provizorn\u00ed korunka<br \/>\n<strong>1 590-3 900 K\u010d<\/strong><\/li>\n<li>Celokeramick\u00e1 korunka na implant\u00e1t<br \/>\n<strong>16 900 K\u010d<\/strong><\/li>\n<li>Celokeramick\u00e1 korunka<br \/>\n<strong>13 900 K\u010d<\/strong><\/li>\n<li>B\u00edl\u00e1 v\u00fdpl\u0148 &#8211; fotokompozitn\u00ed<br \/>\n<strong>2 900 &#8211; 3 900 K\u010d <\/strong>(dle po\u010dtu o\u0161et\u0159en\u00fdch plo\u0161ek zubu)<\/li>\n<li>Provizorn\u00ed v\u00fdpl\u0148 SIC<br \/>\n<strong>990 K\u010d<\/strong><\/li>\n<li>Kr\u010dkov\u00e1 v\u00fdpl\u0148<br \/>\n<strong>2\u00a0000K\u010d<\/strong><\/li>\n<li>Estetick\u00e1 front\u00e1ln\u00ed korunka (fazeta)<br \/>\n<strong>15 900 K\u010d<\/strong><\/li>\n<li>CBCT<br \/>\n<strong>1990 K\u010d<\/strong><\/li>\n<\/ul>\n<\/div>\n<div class=\"col\">\n<p><img loading=\"lazy\" decoding=\"async\" class=\"alignnone size-full wp-image-169\" src=\"http:\/\/dentaloffice.cz.awn12.vas-server.cz\/wp-content\/uploads\/2022\/10\/ic_single_03.png\" alt=\"\" width=\"80\" height=\"80\" \/><\/p>\n<h3>Ortodoncie<\/h3>\n<ul>\n<li class=\"green\">Ortodontick\u00e1 konzultace<br \/>\n<strong>Zdarma<\/strong><\/li>\n<li>Kovov\u00fd fixn\u00ed apar\u00e1t jedna \u010delist do 22 let<br \/>\n<strong>11 900 K\u010d<\/strong><\/li>\n<li>Keramick\u00fd fixn\u00ed apar\u00e1t jedna \u010delist<br \/>\ndo 22 let<br \/>\n<strong>17 900 K\u010d<\/strong><\/li>\n<li>Kovov\u00fd fixn\u00ed apar\u00e1t jedna \u010delist od 22 let<br \/>\n<strong>15 900 K\u010d<\/strong><\/li>\n<li>Keramick\u00fd fixn\u00ed apar\u00e1t jedna \u010delist<br \/>\nod 22 let<br \/>\n<strong>19 900 K\u010d<\/strong><\/li>\n<li>Neviditeln\u00e1 rovn\u00e1tka invisalign<br \/>\n<strong>39 000 &#8211; 99 000 K\u010d*<\/strong><br \/>\n<small>* dle rozsahu l\u00e9\u010dby<\/small><\/li>\n<\/ul>\n<\/div>\n<\/div>","protected":false},"excerpt":{"rendered":"<p>Smluvn\u00ed pokuta za nedostaven\u00ed se v objednan\u00e9m term\u00ednu, ani\u017e by byla objedn\u00e1vka zru\u0161ena alespo\u0148 24 hod. p\u0159edem: 500,- K\u010d.<\/p>\n<p><a href=\"#kontaktujte-nas\" class=\"btn ani\">M\u00e1m z\u00e1jem<\/a><\/p>","protected":false},"author":1,"featured_media":0,"parent":0,"menu_order":2,"comment_status":"closed","ping_status":"closed","template":"templates\/template-cenik.php","meta":{"_acf_changed":false,"footnotes":""},"class_list":["post-138","page","type-page","status-publish","hentry"],"acf":[],"_links":{"self":[{"href":"https:\/\/dental-office.cz\/en\/wp-json\/wp\/v2\/pages\/138","targetHints":{"allow":["GET"]}}],"collection":[{"href":"https:\/\/dental-office.cz\/en\/wp-json\/wp\/v2\/pages"}],"about":[{"href":"https:\/\/dental-office.cz\/en\/wp-json\/wp\/v2\/types\/page"}],"author":[{"embeddable":true,"href":"https:\/\/dental-office.cz\/en\/wp-json\/wp\/v2\/users\/1"}],"replies":[{"embeddable":true,"href":"https:\/\/dental-office.cz\/en\/wp-json\/wp\/v2\/comments?post=138"}],"version-history":[{"count":32,"href":"https:\/\/dental-office.cz\/en\/wp-json\/wp\/v2\/pages\/138\/revisions"}],"predecessor-version":[{"id":815,"href":"https:\/\/dental-office.cz\/en\/wp-json\/wp\/v2\/pages\/138\/revisions\/815"}],"wp:attachment":[{"href":"https:\/\/dental-office.cz\/en\/wp-json\/wp\/v2\/media?parent=138"}],"curies":[{"name":"wp","href":"https:\/\/api.w.org\/{rel}","templated":true}]}}