{"id":2,"date":"2022-09-24T12:18:27","date_gmt":"2022-09-24T10:18:27","guid":{"rendered":"http:\/\/dentaloffice.cz.awn12.vas-server.cz\/?page_id=2"},"modified":"2024-04-25T23:27:07","modified_gmt":"2024-04-25T21:27:07","slug":"uvod","status":"publish","type":"page","link":"https:\/\/dental-office.cz\/en\/","title":{"rendered":"\u00davodn\u00ed str\u00e1nka &#8211; ozn\u00e1men\u00ed"},"content":{"rendered":"<h3><b>Z kapacitn\u00edch d\u016fvod\u016f mus\u00edme pozastavit p\u0159\u00edjem nov\u00fdch pacient\u016f pro v\u0161echny obory poskytovan\u00e9 p\u00e9\u010de v\u010detn\u011b ortodoncie. D\u00e1le p\u0159ij\u00edm\u00e1me pouze pacienty s \u017e\u00e1dankou na specializovan\u00e1 o\u0161et\u0159en\u00ed od referen\u010dn\u00edch l\u00e9ka\u0159\u016f.<\/b><\/h3>","protected":false},"excerpt":{"rendered":"<p>Z kapacitn\u00edch d\u016fvod\u016f mus\u00edme pozastavit p\u0159\u00edjem nov\u00fdch pacient\u016f pro v\u0161echny obory poskytovan\u00e9 p\u00e9\u010de v\u010detn\u011b ortodoncie. D\u00e1le p\u0159ij\u00edm\u00e1me pouze pacienty s \u017e\u00e1dankou na specializovan\u00e1 o\u0161et\u0159en\u00ed od referen\u010dn\u00edch l\u00e9ka\u0159\u016f.<\/p>","protected":false},"author":1,"featured_media":107,"parent":0,"menu_order":3,"comment_status":"closed","ping_status":"open","template":"","meta":{"_acf_changed":false,"footnotes":""},"class_list":["post-2","page","type-page","status-publish","has-post-thumbnail","hentry"],"acf":[],"_links":{"self":[{"href":"https:\/\/dental-office.cz\/en\/wp-json\/wp\/v2\/pages\/2","targetHints":{"allow":["GET"]}}],"collection":[{"href":"https:\/\/dental-office.cz\/en\/wp-json\/wp\/v2\/pages"}],"about":[{"href":"https:\/\/dental-office.cz\/en\/wp-json\/wp\/v2\/types\/page"}],"author":[{"embeddable":true,"href":"https:\/\/dental-office.cz\/en\/wp-json\/wp\/v2\/users\/1"}],"replies":[{"embeddable":true,"href":"https:\/\/dental-office.cz\/en\/wp-json\/wp\/v2\/comments?post=2"}],"version-history":[{"count":5,"href":"https:\/\/dental-office.cz\/en\/wp-json\/wp\/v2\/pages\/2\/revisions"}],"predecessor-version":[{"id":624,"href":"https:\/\/dental-office.cz\/en\/wp-json\/wp\/v2\/pages\/2\/revisions\/624"}],"wp:featuredmedia":[{"embeddable":true,"href":"https:\/\/dental-office.cz\/en\/wp-json\/wp\/v2\/media\/107"}],"wp:attachment":[{"href":"https:\/\/dental-office.cz\/en\/wp-json\/wp\/v2\/media?parent=2"}],"curies":[{"name":"wp","href":"https:\/\/api.w.org\/{rel}","templated":true}]}}